{"id":691,"date":"2018-08-17T16:49:23","date_gmt":"2018-08-17T14:49:23","guid":{"rendered":"https:\/\/schreiber-med.at\/ms-purewater\/?page_id=691"},"modified":"2019-12-06T14:20:00","modified_gmt":"2019-12-06T13:20:00","slug":"hydropro24","status":"publish","type":"page","link":"https:\/\/schreiber-med.at\/ms-purewater\/hydropro24\/","title":{"rendered":"hydropro24"},"content":{"rendered":"<p>[vc_row bg_style_img=&#8221;372&#8243; el_id=&#8221;features&#8221;][vc_column][vc_empty_space height=&#8221;120px&#8221;][vc_row_inner css=&#8221;.vc_custom_1533308435852{padding-top: 80px !important;padding-bottom: 80px !important;}&#8221;][vc_column_inner][wpbucket_heading wpbucket_align=&#8221;text-center&#8221; wpbucket_color=&#8221;white&#8221; wpbucket_title=&#8221;hydropro24&#8243; wpbucket_subtitle=&#8221;Reines Wasser von einer leistungsstarken Gewerbeanlage.&#8221;][\/vc_column_inner][\/vc_row_inner][vc_row_inner css=&#8221;.vc_custom_1533308659802{padding-bottom: 80px !important;}&#8221;][vc_column_inner el_class=&#8221;text-right right-icon&#8221; width=&#8221;1\/3&#8243;][wpbucket_feature_box wpbucket_title=&#8221;Leistungsstarke Druckpumpe &#8221; wpbucket_icon=&#8221;368&#8243; wpbucket_description=&#8221;und Druckkontrolle zur \u00dcberwachung des Eingangsdrucks&#8221;][wpbucket_feature_box wpbucket_title=&#8221;Hoher Leistungs- und R\u00fcckgewinnungsgrad bei der Produktion&#8221; wpbucket_icon=&#8221;368&#8243;][wpbucket_feature_box wpbucket_title=&#8221;Automatische Sp\u00fclung der Membrane erh\u00f6ht die Haltbarkeit&#8221; wpbucket_icon=&#8221;368&#8243;][wpbucket_feature_box wpbucket_title=&#8221;Kontrollanzeigen: 3 Manometer und 2 Durchfluss-Messer&#8221; wpbucket_icon=&#8221;368&#8243;][\/vc_column_inner][vc_column_inner el_class=&#8221;about-box&#8221; width=&#8221;1\/3&#8243; offset=&#8221;vc_hidden-sm vc_hidden-xs&#8221;][vc_single_image image=&#8221;683&#8243; img_size=&#8221;full&#8221; alignment=&#8221;center&#8221; css=&#8221;.vc_custom_1534517380142{margin-bottom: 0px !important;}&#8221;][\/vc_column_inner][vc_column_inner el_class=&#8221;text-left left-icon&#8221; width=&#8221;1\/3&#8243;][wpbucket_feature_box wpbucket_title=&#8221;Intensiverer Geschmack von Speisen, Getr\u00e4nken, Back- und Fleischwaren, Kaffee sowie Tee&#8221; wpbucket_icon=&#8221;368&#8243;][wpbucket_feature_box wpbucket_title=&#8221;keine Entkalkung mehr&#8221; wpbucket_icon=&#8221;368&#8243; wpbucket_description=&#8221;Angeschlossene Ger\u00e4te, wie Kaffeemaschine, erfordern keine Entkalkung und gewinnen an Lebensdauer&#8221;][wpbucket_feature_box wpbucket_title=&#8221;Elektroventil mit Sicherheitsfilter&#8221; wpbucket_icon=&#8221;368&#8243;][wpbucket_feature_box wpbucket_title=&#8221;Green Filter garantieren maximale Sicherheit mit komfortabler Wartung&#8221; wpbucket_icon=&#8221;368&#8243;][\/vc_column_inner][\/vc_row_inner][\/vc_column][\/vc_row][vc_row][vc_column][vc_empty_space height=&#8221;30px&#8221;][\/vc_column][\/vc_row][vc_row][vc_column][vc_column_text]<\/p>\n<div class=\"fusion-one-half fusion-layout-column fusion-spacing-yes\">\n<div class=\"fusion-column-wrapper\">\n<h2><strong>Leistungsstarke Gewerbeanlage<\/strong><\/h2>\n<p>Die hydropro24 \u00fcberzeugt durch starke Qualit\u00e4t und hohe Leistung und verf\u00fcgt \u00fcber eine Tagesleistung von bis zu 3.400 Liter. Damit ist die hydropro24 das leistungsst\u00e4rkste System in unserem Sortiment.<\/p>\n<p>Dank ihrer geringen Abmessungen und der hohen Leistungsf\u00e4higkeit ist die hydropro24 optimal f\u00fcr Kleingewerbe, Hotels, in Catering- und Gastrobereichen und kleineren industriellen Anwendungsgebieten geeignet, die eine perfekte Wasserqualit\u00e4t ben\u00f6tigen.<\/p>\n<\/div>\n<\/div>\n<div class=\"fusion-one-half fusion-layout-column fusion-column-last fusion-spacing-yes\">\n<div class=\"fusion-column-wrapper\">\n<p><strong>Anwendungsgebiete:<\/strong><\/p>\n<ul class=\"fusion-checklist fusion-checklist-1\">\n<li class=\"fusion-li-item\">\n<div class=\"fusion-li-item-content\">Hotel- und Gastst\u00e4tten<\/div>\n<\/li>\n<li class=\"fusion-li-item\">\n<div class=\"fusion-li-item-content\">Metzgereien<\/div>\n<\/li>\n<li class=\"fusion-li-item\">\n<div class=\"fusion-li-item-content\">B\u00e4ckereien und Caf\u00e9s<\/div>\n<\/li>\n<li class=\"fusion-li-item\">\n<div class=\"fusion-li-item-content\">Landwirtschaftsbetriebe<\/div>\n<\/li>\n<li class=\"fusion-li-item\">\n<div class=\"fusion-li-item-content\">Fitnessstudios und Wellnessbereiche<\/div>\n<\/li>\n<li class=\"fusion-li-item\">\n<div class=\"fusion-li-item-content\">Medizinische Bereiche und vieles mehr\u2026<\/div>\n<\/li>\n<\/ul>\n<p>Unsere individuelle Beratung garantiert dabei eine gr\u00fcndliche Erfassung spezieller Bed\u00fcrfnisse. Die Fachmonteure k\u00f6nnen die Ger\u00e4te unterschiedlichst einbauen, um so verschiedenste Anforderungen und W\u00fcnsche miteinzubeziehen.<\/p>\n<\/div>\n<h3>Technische Daten:<\/h3>\n<p><strong>H\u00f6he x Breite x Tiefe:<\/strong><br \/>\n72,5 cm x 38,5 cm x 62 cm<\/p>\n<p><strong>Leistung:<br \/>\n<\/strong>ca. 3.400 Liter pro Tag<\/p>\n<p><strong>Vor-Filtration:<\/strong><br \/>\n1 x Sediment-Filter<br \/>\n1 x GAC-Kohle-Filter<br \/>\n1 x GAC-Block-Kohle-Filter<\/p>\n<p><strong>Membranen-Filtration:<\/strong><br \/>\n3 x 300 GPD Membranen<\/p>\n<p><strong>Tank:\u00a0<\/strong>70 Liter Zwischentank<\/p>\n<\/div>\n<p>[\/vc_column_text][vc_empty_space height=&#8221;60px&#8221;][vc_row_inner][vc_column_inner width=&#8221;1\/2&#8243;][vc_cta h2=&#8221;Download&#8221; h4=&#8221;Alle technischen Details&#8221; add_button=&#8221;right&#8221; btn_title=&#8221;DOWNLOAD PDF&#8221; btn_color=&#8221;primary&#8221; btn_link=&#8221;url:https%3A%2F%2Fschreiber-med.at%2Fms-purewater%2Fwp-content%2Fuploads%2F2019%2F12%2Fhydropro.pdf||target:%20_blank|&#8221;][\/vc_cta][\/vc_column_inner][vc_column_inner width=&#8221;1\/2&#8243;][vc_empty_space height=&#8221;40px&#8221;][vc_btn title=&#8221;JETZT BESTELLEN&#8221; color=&#8221;primary&#8221; size=&#8221;lg&#8221; align=&#8221;left&#8221; i_icon_fontawesome=&#8221;fa fa-shopping-cart&#8221; add_icon=&#8221;true&#8221; link=&#8221;url:https%3A%2F%2Fschreiber-med.at%2Fms-purewater%2Fde%2Fanfrage%2F|||&#8221;][\/vc_column_inner][\/vc_row_inner][\/vc_column][\/vc_row][vc_row bg_style_img=&#8221;72&#8243;][vc_column][vc_empty_space height=&#8221;100px&#8221;][vc_row_inner][vc_column_inner width=&#8221;2\/3&#8243;][wpbucket_heading wpbucket_align=&#8221;text-left&#8221; wpbucket_color=&#8221;white&#8221; wpbucket_title=&#8221;Kontaktieren Sie uns!&#8221; wpbucket_subtitle=&#8221;Wir beraten Sie gerne. Alle offenen Fragen beantworten wir gerne per E-Mail, Telefon oder Sie vereinbaren einen Beratungstermin vor Ort. &#8220;][\/vc_column_inner][vc_column_inner width=&#8221;1\/3&#8243;][button btn_content=&#8221;Kontakt&#8221; btn_link=&#8221;https:\/\/schreiber-med.at\/ms-purewater\/de\/kontakt\/&#8221; btn_style_class=&#8221;call-to-action&#8221; btn_icon=&#8221;&#8221;][\/vc_column_inner][\/vc_row_inner][vc_empty_space height=&#8221;100px&#8221;][\/vc_column][\/vc_row]<\/p>\n","protected":false},"excerpt":{"rendered":"<p>[vc_row bg_style_img=&#8221;372&#8243; el_id=&#8221;features&#8221;][vc_column][vc_empty_space height=&#8221;120px&#8221;][vc_row_inner css=&#8221;.vc_custom_1533308435852{padding-top: 80px !important;padding-bottom: 80px !important;}&#8221;][vc_column_inner][wpbucket_heading wpbucket_align=&#8221;text-center&#8221; wpbucket_color=&#8221;white&#8221; wpbucket_title=&#8221;hydropro24&#8243; wpbucket_subtitle=&#8221;Reines Wasser von einer leistungsstarken Gewerbeanlage.&#8221;][\/vc_column_inner][\/vc_row_inner][vc_row_inner css=&#8221;.vc_custom_1533308659802{padding-bottom: 80px !important;}&#8221;][vc_column_inner el_class=&#8221;text-right right-icon&#8221; width=&#8221;1\/3&#8243;][wpbucket_feature_box wpbucket_title=&#8221;Leistungsstarke Druckpumpe &#8221; wpbucket_icon=&#8221;368&#8243; wpbucket_description=&#8221;und Druckkontrolle zur \u00dcberwachung des Eingangsdrucks&#8221;][wpbucket_feature_box wpbucket_title=&#8221;Hoher Leistungs- und R\u00fcckgewinnungsgrad bei der [&hellip;]<\/p>\n","protected":false},"author":1,"featured_media":0,"parent":0,"menu_order":0,"comment_status":"closed","ping_status":"closed","template":"","meta":{"footnotes":""},"class_list":["post-691","page","type-page","status-publish","hentry"],"yoast_head":"<title>hydropro24 - MS-pureWATER<\/title>\n<meta name=\"robots\" content=\"index, follow, max-snippet:-1, max-image-preview:large, max-video-preview:-1\" \/>\n<link rel=\"canonical\" href=\"https:\/\/schreiber-med.at\/ms-purewater\/hydropro24\/\" \/>\n<meta property=\"og:locale\" content=\"de_DE\" \/>\n<meta property=\"og:type\" content=\"article\" \/>\n<meta property=\"og:title\" content=\"hydropro24 - MS-pureWATER\" \/>\n<meta property=\"og:description\" content=\"[vc_row bg_style_img=&#8221;372&#8243; el_id=&#8221;features&#8221;][vc_column][vc_empty_space height=&#8221;120px&#8221;][vc_row_inner css=&#8221;.vc_custom_1533308435852{padding-top: 80px !important;padding-bottom: 80px !important;}&#8221;][vc_column_inner][wpbucket_heading wpbucket_align=&#8221;text-center&#8221; wpbucket_color=&#8221;white&#8221; wpbucket_title=&#8221;hydropro24&#8243; wpbucket_subtitle=&#8221;Reines Wasser von einer leistungsstarken Gewerbeanlage.&#8221;][\/vc_column_inner][\/vc_row_inner][vc_row_inner css=&#8221;.vc_custom_1533308659802{padding-bottom: 80px !important;}&#8221;][vc_column_inner el_class=&#8221;text-right right-icon&#8221; width=&#8221;1\/3&#8243;][wpbucket_feature_box wpbucket_title=&#8221;Leistungsstarke Druckpumpe &#8221; wpbucket_icon=&#8221;368&#8243; wpbucket_description=&#8221;und Druckkontrolle zur \u00dcberwachung des Eingangsdrucks&#8221;][wpbucket_feature_box wpbucket_title=&#8221;Hoher Leistungs- und R\u00fcckgewinnungsgrad bei der [&hellip;]\" \/>\n<meta property=\"og:url\" content=\"https:\/\/schreiber-med.at\/ms-purewater\/hydropro24\/\" \/>\n<meta property=\"og:site_name\" content=\"MS-pureWATER\" \/>\n<meta property=\"article:modified_time\" content=\"2019-12-06T13:20:00+00:00\" \/>\n<meta name=\"twitter:card\" content=\"summary_large_image\" \/>\n<meta name=\"twitter:label1\" content=\"Gesch\u00e4tzte Lesezeit\" \/>\n\t<meta name=\"twitter:data1\" content=\"3\u00a0Minuten\" \/>\n<script type=\"application\/ld+json\" class=\"yoast-schema-graph\">{\"@context\":\"https:\\\/\\\/schema.org\",\"@graph\":[{\"@type\":\"WebPage\",\"@id\":\"https:\\\/\\\/schreiber-med.at\\\/ms-purewater\\\/hydropro24\\\/\",\"url\":\"https:\\\/\\\/schreiber-med.at\\\/ms-purewater\\\/hydropro24\\\/\",\"name\":\"hydropro24 - MS-pureWATER\",\"isPartOf\":{\"@id\":\"https:\\\/\\\/schreiber-med.at\\\/ms-purewater\\\/hu\\\/#website\"},\"datePublished\":\"2018-08-17T14:49:23+00:00\",\"dateModified\":\"2019-12-06T13:20:00+00:00\",\"breadcrumb\":{\"@id\":\"https:\\\/\\\/schreiber-med.at\\\/ms-purewater\\\/hydropro24\\\/#breadcrumb\"},\"inLanguage\":\"de\",\"potentialAction\":[{\"@type\":\"ReadAction\",\"target\":[\"https:\\\/\\\/schreiber-med.at\\\/ms-purewater\\\/hydropro24\\\/\"]}]},{\"@type\":\"BreadcrumbList\",\"@id\":\"https:\\\/\\\/schreiber-med.at\\\/ms-purewater\\\/hydropro24\\\/#breadcrumb\",\"itemListElement\":[{\"@type\":\"ListItem\",\"position\":1,\"name\":\"Startseite\",\"item\":\"https:\\\/\\\/schreiber-med.at\\\/ms-purewater\\\/\"},{\"@type\":\"ListItem\",\"position\":2,\"name\":\"hydropro24\"}]},{\"@type\":\"WebSite\",\"@id\":\"https:\\\/\\\/schreiber-med.at\\\/ms-purewater\\\/hu\\\/#website\",\"url\":\"https:\\\/\\\/schreiber-med.at\\\/ms-purewater\\\/hu\\\/\",\"name\":\"MS-pureWATER\",\"description\":\"Clean refreshing pure water - waterfilter systems from MS-pureWATER\",\"potentialAction\":[{\"@type\":\"SearchAction\",\"target\":{\"@type\":\"EntryPoint\",\"urlTemplate\":\"https:\\\/\\\/schreiber-med.at\\\/ms-purewater\\\/hu\\\/?s={search_term_string}\"},\"query-input\":{\"@type\":\"PropertyValueSpecification\",\"valueRequired\":true,\"valueName\":\"search_term_string\"}}],\"inLanguage\":\"de\"}]}<\/script>","yoast_head_json":{"title":"hydropro24 - MS-pureWATER","robots":{"index":"index","follow":"follow","max-snippet":"max-snippet:-1","max-image-preview":"max-image-preview:large","max-video-preview":"max-video-preview:-1"},"canonical":"https:\/\/schreiber-med.at\/ms-purewater\/hydropro24\/","og_locale":"de_DE","og_type":"article","og_title":"hydropro24 - MS-pureWATER","og_description":"[vc_row bg_style_img=&#8221;372&#8243; el_id=&#8221;features&#8221;][vc_column][vc_empty_space height=&#8221;120px&#8221;][vc_row_inner css=&#8221;.vc_custom_1533308435852{padding-top: 80px !important;padding-bottom: 80px !important;}&#8221;][vc_column_inner][wpbucket_heading wpbucket_align=&#8221;text-center&#8221; wpbucket_color=&#8221;white&#8221; wpbucket_title=&#8221;hydropro24&#8243; wpbucket_subtitle=&#8221;Reines Wasser von einer leistungsstarken Gewerbeanlage.&#8221;][\/vc_column_inner][\/vc_row_inner][vc_row_inner css=&#8221;.vc_custom_1533308659802{padding-bottom: 80px !important;}&#8221;][vc_column_inner el_class=&#8221;text-right right-icon&#8221; width=&#8221;1\/3&#8243;][wpbucket_feature_box wpbucket_title=&#8221;Leistungsstarke Druckpumpe &#8221; wpbucket_icon=&#8221;368&#8243; wpbucket_description=&#8221;und Druckkontrolle zur \u00dcberwachung des Eingangsdrucks&#8221;][wpbucket_feature_box wpbucket_title=&#8221;Hoher Leistungs- und R\u00fcckgewinnungsgrad bei der [&hellip;]","og_url":"https:\/\/schreiber-med.at\/ms-purewater\/hydropro24\/","og_site_name":"MS-pureWATER","article_modified_time":"2019-12-06T13:20:00+00:00","twitter_card":"summary_large_image","twitter_misc":{"Gesch\u00e4tzte Lesezeit":"3\u00a0Minuten"},"schema":{"@context":"https:\/\/schema.org","@graph":[{"@type":"WebPage","@id":"https:\/\/schreiber-med.at\/ms-purewater\/hydropro24\/","url":"https:\/\/schreiber-med.at\/ms-purewater\/hydropro24\/","name":"hydropro24 - MS-pureWATER","isPartOf":{"@id":"https:\/\/schreiber-med.at\/ms-purewater\/hu\/#website"},"datePublished":"2018-08-17T14:49:23+00:00","dateModified":"2019-12-06T13:20:00+00:00","breadcrumb":{"@id":"https:\/\/schreiber-med.at\/ms-purewater\/hydropro24\/#breadcrumb"},"inLanguage":"de","potentialAction":[{"@type":"ReadAction","target":["https:\/\/schreiber-med.at\/ms-purewater\/hydropro24\/"]}]},{"@type":"BreadcrumbList","@id":"https:\/\/schreiber-med.at\/ms-purewater\/hydropro24\/#breadcrumb","itemListElement":[{"@type":"ListItem","position":1,"name":"Startseite","item":"https:\/\/schreiber-med.at\/ms-purewater\/"},{"@type":"ListItem","position":2,"name":"hydropro24"}]},{"@type":"WebSite","@id":"https:\/\/schreiber-med.at\/ms-purewater\/hu\/#website","url":"https:\/\/schreiber-med.at\/ms-purewater\/hu\/","name":"MS-pureWATER","description":"Clean refreshing pure water - waterfilter systems from MS-pureWATER","potentialAction":[{"@type":"SearchAction","target":{"@type":"EntryPoint","urlTemplate":"https:\/\/schreiber-med.at\/ms-purewater\/hu\/?s={search_term_string}"},"query-input":{"@type":"PropertyValueSpecification","valueRequired":true,"valueName":"search_term_string"}}],"inLanguage":"de"}]}},"_links":{"self":[{"href":"https:\/\/schreiber-med.at\/ms-purewater\/wp-json\/wp\/v2\/pages\/691","targetHints":{"allow":["GET"]}}],"collection":[{"href":"https:\/\/schreiber-med.at\/ms-purewater\/wp-json\/wp\/v2\/pages"}],"about":[{"href":"https:\/\/schreiber-med.at\/ms-purewater\/wp-json\/wp\/v2\/types\/page"}],"author":[{"embeddable":true,"href":"https:\/\/schreiber-med.at\/ms-purewater\/wp-json\/wp\/v2\/users\/1"}],"replies":[{"embeddable":true,"href":"https:\/\/schreiber-med.at\/ms-purewater\/wp-json\/wp\/v2\/comments?post=691"}],"version-history":[{"count":15,"href":"https:\/\/schreiber-med.at\/ms-purewater\/wp-json\/wp\/v2\/pages\/691\/revisions"}],"predecessor-version":[{"id":2484,"href":"https:\/\/schreiber-med.at\/ms-purewater\/wp-json\/wp\/v2\/pages\/691\/revisions\/2484"}],"wp:attachment":[{"href":"https:\/\/schreiber-med.at\/ms-purewater\/wp-json\/wp\/v2\/media?parent=691"}],"curies":[{"name":"wp","href":"https:\/\/api.w.org\/{rel}","templated":true}]}}